{"id":615,"date":"2022-12-11T00:23:33","date_gmt":"2022-12-10T23:23:33","guid":{"rendered":"https:\/\/rasmusdahlstedt.se\/shop\/?post_type=product&#038;p=615"},"modified":"2025-06-26T19:17:47","modified_gmt":"2025-06-26T17:17:47","slug":"kylskapsmagneter-3-pack","status":"publish","type":"product","link":"https:\/\/rasmusdahlstedt.se\/shop\/produkt\/kylskapsmagneter-3-pack\/","title":{"rendered":"Kylsk\u00e5psmagneter &#8211; Vitsord (3 pack)"},"content":{"rendered":"","protected":false},"excerpt":{"rendered":"<p>Kylsk\u00e5psmagneter i h\u00f6gglansig keramik med tryckta vitsord av Rasmus Dahlstedt.\u00a0 S\u00e4ljs endast i 3-pack.<\/p>\n<p>Storlek 70 X 50 mm<\/p>\n<p>Inneh\u00e5ller:<\/p>\n<p>Magnet 1:\u00a0 \u00a0<strong>&#8220;\u00d6vers\u00e4ttaren har tolkningsf\u00f6retr\u00e4de.&#8221;<\/strong><\/p>\n<p>Magnet 2:\u00a0 \u00a0<strong>&#8220;Ingen kulturn\u00e4mnd, ingen gl\u00f6md.&#8221;<\/strong><\/p>\n<p>Magnet 3:\u00a0 \u00a0 <strong>&#8220;Bomber \u00e4r inte l\u00e4ngre spr\u00e4ngstoff.&#8221;<\/strong><\/p>\n","protected":false},"featured_media":623,"template":"","meta":[],"product_brand":[],"product_cat":[41],"product_tag":[42,23],"class_list":{"0":"post-615","1":"product","2":"type-product","3":"status-publish","4":"has-post-thumbnail","6":"product_cat-kylskapsmagneter","7":"product_tag-magnet","8":"product_tag-vitsord","9":"post-preview","11":"first","12":"outofstock","13":"taxable","14":"shipping-taxable","15":"purchasable","16":"product-type-simple"},"_links":{"self":[{"href":"https:\/\/rasmusdahlstedt.se\/shop\/wp-json\/wp\/v2\/product\/615","targetHints":{"allow":["GET"]}}],"collection":[{"href":"https:\/\/rasmusdahlstedt.se\/shop\/wp-json\/wp\/v2\/product"}],"about":[{"href":"https:\/\/rasmusdahlstedt.se\/shop\/wp-json\/wp\/v2\/types\/product"}],"wp:featuredmedia":[{"embeddable":true,"href":"https:\/\/rasmusdahlstedt.se\/shop\/wp-json\/wp\/v2\/media\/623"}],"wp:attachment":[{"href":"https:\/\/rasmusdahlstedt.se\/shop\/wp-json\/wp\/v2\/media?parent=615"}],"wp:term":[{"taxonomy":"product_brand","embeddable":true,"href":"https:\/\/rasmusdahlstedt.se\/shop\/wp-json\/wp\/v2\/product_brand?post=615"},{"taxonomy":"product_cat","embeddable":true,"href":"https:\/\/rasmusdahlstedt.se\/shop\/wp-json\/wp\/v2\/product_cat?post=615"},{"taxonomy":"product_tag","embeddable":true,"href":"https:\/\/rasmusdahlstedt.se\/shop\/wp-json\/wp\/v2\/product_tag?post=615"}],"curies":[{"name":"wp","href":"https:\/\/api.w.org\/{rel}","templated":true}]}}